{"id":987,"date":"2020-05-04T15:06:02","date_gmt":"2020-05-04T15:06:02","guid":{"rendered":"https:\/\/kolata-mercier-avocat.com\/?page_id=987"},"modified":"2020-07-13T13:53:59","modified_gmt":"2020-07-13T13:53:59","slug":"honoraires","status":"publish","type":"page","link":"https:\/\/kolata-mercier-avocat.com\/?page_id=987","title":{"rendered":"Honoraires"},"content":{"rendered":"\t\t<div data-elementor-type=\"wp-page\" data-elementor-id=\"987\" class=\"elementor elementor-987\" data-elementor-settings=\"[]\">\n\t\t\t\t\t\t<div class=\"elementor-inner\">\n\t\t\t\t\t\t\t<div class=\"elementor-section-wrap\">\n\t\t\t\t\t\t\t<section class=\"elementor-section elementor-top-section elementor-element elementor-element-87b6bec elementor-section-boxed elementor-section-height-default elementor-section-height-default\" data-id=\"87b6bec\" data-element_type=\"section\" data-settings=\"{&quot;background_background&quot;:&quot;classic&quot;}\">\n\t\t\t\t\t\t<div class=\"elementor-container elementor-column-gap-default\">\n\t\t\t\t\t\t\t<div class=\"elementor-row\">\n\t\t\t\t\t<div class=\"elementor-column elementor-col-100 elementor-top-column elementor-element elementor-element-64a7dfb\" data-id=\"64a7dfb\" data-element_type=\"column\">\n\t\t\t<div class=\"elementor-column-wrap elementor-element-populated\">\n\t\t\t\t\t\t\t<div class=\"elementor-widget-wrap\">\n\t\t\t\t\t\t<div class=\"elementor-element elementor-element-b0d9cdc elementor-widget elementor-widget-heading\" data-id=\"b0d9cdc\" data-element_type=\"widget\" data-widget_type=\"heading.default\">\n\t\t\t\t<div class=\"elementor-widget-container\">\n\t\t\t<h2 class=\"elementor-heading-title elementor-size-default\">Honoraires<\/h2>\t\t<\/div>\n\t\t\t\t<\/div>\n\t\t\t\t\t\t<\/div>\n\t\t\t\t\t<\/div>\n\t\t<\/div>\n\t\t\t\t\t\t\t\t<\/div>\n\t\t\t\t\t<\/div>\n\t\t<\/section>\n\t\t\t\t<section class=\"elementor-section elementor-top-section elementor-element elementor-element-14377a2 elementor-section-boxed elementor-section-height-default elementor-section-height-default\" data-id=\"14377a2\" data-element_type=\"section\">\n\t\t\t\t\t\t<div class=\"elementor-container elementor-column-gap-default\">\n\t\t\t\t\t\t\t<div class=\"elementor-row\">\n\t\t\t\t\t<div class=\"elementor-column elementor-col-100 elementor-top-column elementor-element elementor-element-6e6e367\" data-id=\"6e6e367\" data-element_type=\"column\">\n\t\t\t<div class=\"elementor-column-wrap elementor-element-populated\">\n\t\t\t\t\t\t\t<div class=\"elementor-widget-wrap\">\n\t\t\t\t\t\t<section class=\"elementor-section elementor-inner-section elementor-element elementor-element-27ee41f elementor-section-boxed elementor-section-height-default elementor-section-height-default\" data-id=\"27ee41f\" data-element_type=\"section\">\n\t\t\t\t\t\t<div class=\"elementor-container elementor-column-gap-default\">\n\t\t\t\t\t\t\t<div class=\"elementor-row\">\n\t\t\t\t\t<div class=\"elementor-column elementor-col-100 elementor-inner-column elementor-element elementor-element-fab8389\" data-id=\"fab8389\" data-element_type=\"column\">\n\t\t\t<div class=\"elementor-column-wrap elementor-element-populated\">\n\t\t\t\t\t\t\t<div class=\"elementor-widget-wrap\">\n\t\t\t\t\t\t<div class=\"elementor-element elementor-element-136af69 elementor-widget elementor-widget-text-editor\" data-id=\"136af69\" data-element_type=\"widget\" data-widget_type=\"text-editor.default\">\n\t\t\t\t<div class=\"elementor-widget-container\">\n\t\t\t\t\t<div class=\"elementor-text-editor elementor-clearfix\"><p><span style=\"font-family: Calibri, serif;\"><u><b>HONORAIRES<\/b><\/u><\/span><\/p><p><span style=\"font-family: Calibri, serif;\">Les honoraires des avocats sont fix\u00e9s en fonction de diff\u00e9rents crit\u00e8res :<\/span><\/p><p><span style=\"font-family: Calibri, serif;\"> &#8211; Les difficult\u00e9s de l&#8217;affaire, le temps y consacr\u00e9, (\u00e9tude du dossier, recherches juridiques, analyse des textes, \u00e9tude des pi\u00e8ces et conclusions adverses, jeux de conclusions, plaidoirie) sa valeur en litige.<\/span><\/p><p><span style=\"font-family: Calibri, serif;\"> &#8211; Les charges du cabinet, l&#8217;exp\u00e9rience de l&#8217;avocat.<\/span><\/p><p><span style=\"font-family: Calibri, serif;\"><b>Honoraires de base<\/b><\/span><\/p><p><span style=\"font-family: Calibri, serif;\">&#8211; Les honoraires de base comprennent une tarification \u00e0 l&#8217;heure, ainsi que de celle de toutes les diligences accomplies (r\u00e9ception du client, traitement du dossier, t\u00e9l\u00e9phone, secr\u00e9tariat, mails, droit de plaidoirie, courriers, assistance \u00e0 expertise, assistance chez le notaire) &#8230;.<\/span><\/p><p><span style=\"font-family: Calibri, serif;\">&#8211; Un simple conseil juridique est d\u00e9livr\u00e9 gratuitement. Les consultations juridiques sont factur\u00e9es mais leur co\u00fbt fait l&#8217;objet d&#8217;un avoir sur la facture en cas de suite judiciaire.<\/span><\/p><p><span style=\"font-family: Calibri, serif;\"><b>Honoraires de r\u00e9sultat<\/b><\/span><\/p><p><span style=\"font-family: Calibri, serif;\">Nous proposons un honoraire de r\u00e9sultat pour certaines affaires, ce qui permet en outre de minorer l&#8217;honoraire de base et de travailler sur une v\u00e9ritable relation de confiance.<\/span><\/p><p><span style=\"font-family: Calibri, serif;\"><b>Assurance juridique<\/b><\/span><\/p><p><span style=\"font-family: Calibri, serif;\">V\u00e9rifiez votre contrat d\u2019assurance. Si vous b\u00e9n\u00e9ficiez d\u2019une clause de protection juridique, vos frais d\u2019avocat seront pris en charge pour partie par votre assureur, ainsi que les frais d\u2019expertise, le cas \u00e9ch\u00e9ant.<\/span><\/p><p><span style=\"font-family: Calibri, serif;\"><b>Devis-Forfait<\/b><\/span><\/p><p><span style=\"font-family: Calibri, serif;\">Nous travaillons en confiance et en transparence avec nos clients, aussi proposons-nous un devis avant d&#8217;entamer toute diligence, et\/ ou un forfait incluant toutes les prestations, ce qui vous met \u00e0 l&#8217;abri de toute mauvaise surprise. Toutes nos factures sont parfaitement, claires et pr\u00e9cises. <\/span><\/p><p><span style=\"font-family: Calibri, serif;\"><b>Aide juridictionnelle <\/b><\/span><\/p><p><span style=\"font-family: Calibri, serif;\">Si vos revenus et votre patrimoine sont faibles, nous acceptons de travailler en aide juridictionnelle. Elle peut vous \u00eatre accord\u00e9e totalement ou partiellement, selon vos revenus et charges de famille.<\/span><\/p><p><span style=\"font-family: Calibri, serif;\"><b>POUR EN SAVOIR PLUS : Cliquez ici<\/b><\/span><\/p><\/div>\n\t\t\t\t<\/div>\n\t\t\t\t<\/div>\n\t\t\t\t\t\t<\/div>\n\t\t\t\t\t<\/div>\n\t\t<\/div>\n\t\t\t\t\t\t\t\t<\/div>\n\t\t\t\t\t<\/div>\n\t\t<\/section>\n\t\t\t\t\t\t<\/div>\n\t\t\t\t\t<\/div>\n\t\t<\/div>\n\t\t\t\t\t\t\t\t<\/div>\n\t\t\t\t\t<\/div>\n\t\t<\/section>\n\t\t\t\t\t\t<\/div>\n\t\t\t\t\t\t<\/div>\n\t\t\t\t\t<\/div>\n\t\t","protected":false},"excerpt":{"rendered":"<p>Honoraires HONORAIRES Les honoraires des avocats sont fix\u00e9s en fonction de diff\u00e9rents crit\u00e8res : &#8211; Les difficult\u00e9s de l&#8217;affaire, le temps y consacr\u00e9, (\u00e9tude du dossier, recherches juridiques, analyse des textes, \u00e9tude des pi\u00e8ces et conclusions adverses, jeux de conclusions, plaidoirie) sa valeur en litige. &#8211; Les charges du cabinet, l&#8217;exp\u00e9rience de l&#8217;avocat. Honoraires de &hellip;<\/p>\n<p class=\"read-more\"> <a class=\"\" href=\"https:\/\/kolata-mercier-avocat.com\/?page_id=987\"> <span class=\"screen-reader-text\">Honoraires<\/span> Read More &raquo;<\/a><\/p>\n","protected":false},"author":1,"featured_media":0,"parent":0,"menu_order":0,"comment_status":"closed","ping_status":"closed","template":"","meta":[],"_links":{"self":[{"href":"https:\/\/kolata-mercier-avocat.com\/index.php?rest_route=\/wp\/v2\/pages\/987"}],"collection":[{"href":"https:\/\/kolata-mercier-avocat.com\/index.php?rest_route=\/wp\/v2\/pages"}],"about":[{"href":"https:\/\/kolata-mercier-avocat.com\/index.php?rest_route=\/wp\/v2\/types\/page"}],"author":[{"embeddable":true,"href":"https:\/\/kolata-mercier-avocat.com\/index.php?rest_route=\/wp\/v2\/users\/1"}],"replies":[{"embeddable":true,"href":"https:\/\/kolata-mercier-avocat.com\/index.php?rest_route=%2Fwp%2Fv2%2Fcomments&post=987"}],"version-history":[{"count":5,"href":"https:\/\/kolata-mercier-avocat.com\/index.php?rest_route=\/wp\/v2\/pages\/987\/revisions"}],"predecessor-version":[{"id":1101,"href":"https:\/\/kolata-mercier-avocat.com\/index.php?rest_route=\/wp\/v2\/pages\/987\/revisions\/1101"}],"wp:attachment":[{"href":"https:\/\/kolata-mercier-avocat.com\/index.php?rest_route=%2Fwp%2Fv2%2Fmedia&parent=987"}],"curies":[{"name":"wp","href":"https:\/\/api.w.org\/{rel}","templated":true}]}}